{"id":936,"date":"2015-06-05T15:43:39","date_gmt":"2015-06-05T15:43:39","guid":{"rendered":"http:\/\/www.taxi-inova.hr\/?page_id=936"},"modified":"2020-11-12T18:05:20","modified_gmt":"2020-11-12T16:05:20","slug":"telefonska-narudzba","status":"publish","type":"page","link":"https:\/\/www.inovagrupa.hr\/taxi\/?page_id=936","title":{"rendered":"Telefonska narud\u017eba"},"content":{"rendered":"<p>Za narud\u017ebu ili rezervaciju vo\u017enje molimo nazovite jedan od sljede\u0107ih brojeva:<\/p>\n<table style=\"border: 1px solid white;\">\n<tbody>\n<tr style=\"border: 1px solid white;\">\n<td style=\"padding-left: 10px;\" width=\"20%\"><a href=\"http:\/\/www.inovagrupa.hr\/taxi\/wp-content\/uploads\/2015\/05\/icon_order_mobile_number1.png\"><img loading=\"lazy\" class=\"alignnone wp-image-954 size-full\" src=\"http:\/\/www.inovagrupa.hr\/taxi\/wp-content\/uploads\/2015\/05\/icon_order_mobile_number1.png\" alt=\"\" width=\"68\" height=\"68\" \/><\/a><\/td>\n<td style=\"text-align: left; border: 1px solid white;\" width=\"3%\"><\/td>\n<td style=\"text-align: left; border: 1px solid white;\" width=\"77%\">\n<h3>095 111 1777<\/h3>\n<h6>International call (mobile line): +385 95 111 1777<\/h6>\n<\/td>\n<\/tr>\n<tr style=\"border: 1px solid white;\">\n<td style=\"padding-left: 10px;\" width=\"20%\"><a href=\"http:\/\/www.inovagrupa.hr\/taxi\/wp-content\/uploads\/2015\/05\/icon_order_short_number1.png\"><img loading=\"lazy\" class=\"alignnone wp-image-956 size-full\" src=\"http:\/\/www.inovagrupa.hr\/taxi\/wp-content\/uploads\/2015\/05\/icon_order_short_number1.png\" alt=\"\" width=\"68\" height=\"68\" \/><\/a><\/td>\n<td style=\"text-align: left; border: 1px solid white;\" width=\"3%\"><\/td>\n<td style=\"text-align: left; border: 1px solid white;\" width=\"77%\">\n<h3>1777<\/h3>\n<h6>cijena poziva s dodatnom naplatom<\/h6>\n<h6>International call (phone line with extra cost): +385 42 1777 (Varazdin) or +385 43 1777 (Bjelovar)<\/h6>\n<\/td>\n<\/tr>\n<\/tbody>\n<\/table>\n","protected":false},"excerpt":{"rendered":"<p>Za narud\u017ebu ili rezervaciju vo\u017enje molimo nazovite jedan od sljede\u0107ih brojeva: 095 111 1777 International call (mobile line): +385 95 111 1777 1777 cijena poziva s dodatnom naplatom International call (phone line with extra cost): +385 42 1777 (Varazdin) or +385 43 1777 (Bjelovar)<\/p>\n","protected":false},"author":1,"featured_media":0,"parent":0,"menu_order":0,"comment_status":"closed","ping_status":"closed","template":"","meta":[],"_links":{"self":[{"href":"https:\/\/www.inovagrupa.hr\/taxi\/index.php?rest_route=\/wp\/v2\/pages\/936"}],"collection":[{"href":"https:\/\/www.inovagrupa.hr\/taxi\/index.php?rest_route=\/wp\/v2\/pages"}],"about":[{"href":"https:\/\/www.inovagrupa.hr\/taxi\/index.php?rest_route=\/wp\/v2\/types\/page"}],"author":[{"embeddable":true,"href":"https:\/\/www.inovagrupa.hr\/taxi\/index.php?rest_route=\/wp\/v2\/users\/1"}],"replies":[{"embeddable":true,"href":"https:\/\/www.inovagrupa.hr\/taxi\/index.php?rest_route=%2Fwp%2Fv2%2Fcomments&post=936"}],"version-history":[{"count":40,"href":"https:\/\/www.inovagrupa.hr\/taxi\/index.php?rest_route=\/wp\/v2\/pages\/936\/revisions"}],"predecessor-version":[{"id":3382,"href":"https:\/\/www.inovagrupa.hr\/taxi\/index.php?rest_route=\/wp\/v2\/pages\/936\/revisions\/3382"}],"wp:attachment":[{"href":"https:\/\/www.inovagrupa.hr\/taxi\/index.php?rest_route=%2Fwp%2Fv2%2Fmedia&parent=936"}],"curies":[{"name":"wp","href":"https:\/\/api.w.org\/{rel}","templated":true}]}}