{"id":81,"date":"2014-11-09T23:50:13","date_gmt":"2014-11-09T21:50:13","guid":{"rendered":"http:\/\/www.taxi-inova.hr\/?page_id=81"},"modified":"2019-03-19T21:01:21","modified_gmt":"2019-03-19T19:01:21","slug":"kontakt","status":"publish","type":"page","link":"https:\/\/www.inovagrupa.hr\/taxi\/?page_id=81","title":{"rendered":"Kontakt"},"content":{"rendered":"<div role=\"form\" class=\"wpcf7\" id=\"wpcf7-f2489-o1\" lang=\"hr\" dir=\"ltr\">\n<div class=\"screen-reader-response\"><p role=\"status\" aria-live=\"polite\" aria-atomic=\"true\"><\/p> <ul><\/ul><\/div>\n<form action=\"\/taxi\/index.php?rest_route=%2Fwp%2Fv2%2Fpages%2F81#wpcf7-f2489-o1\" method=\"post\" class=\"wpcf7-form init\" novalidate=\"novalidate\" data-status=\"init\">\n<div style=\"display: none;\">\n<input type=\"hidden\" name=\"_wpcf7\" value=\"2489\" \/>\n<input type=\"hidden\" name=\"_wpcf7_version\" value=\"5.5.6\" \/>\n<input type=\"hidden\" name=\"_wpcf7_locale\" value=\"hr\" \/>\n<input type=\"hidden\" name=\"_wpcf7_unit_tag\" value=\"wpcf7-f2489-o1\" \/>\n<input type=\"hidden\" name=\"_wpcf7_container_post\" value=\"0\" \/>\n<input type=\"hidden\" name=\"_wpcf7_posted_data_hash\" value=\"\" \/>\n<\/div>\n<p>Va\u0161e mi\u0161ljenje nam je va\u017eno. Imate li kakav prijedlog, pohvalu ili prigovor molimo ispunite i po\u0161aljite kontakt obrazac na ovoj stranici. Odgovorit \u0107emo vam u najkra\u0107em mogu\u0107em roku.<\/p>\n<p>* polja ozna\u010dena zvjezdicom su obvezna za unos<\/p>\n<p><label>* Ime i prezime: <span class=\"wpcf7-form-control-wrap ime-prezime\"><input type=\"text\" name=\"ime-prezime\" value=\"\" size=\"40\" class=\"wpcf7-form-control wpcf7-text wpcf7-validates-as-required\" aria-required=\"true\" aria-invalid=\"false\" \/><\/span><\/label><br \/>\n<label>Kontakt broj: <span class=\"wpcf7-form-control-wrap mobitel-telefon\"><input type=\"tel\" name=\"mobitel-telefon\" value=\"\" size=\"40\" class=\"wpcf7-form-control wpcf7-text wpcf7-tel wpcf7-validates-as-tel\" aria-invalid=\"false\" placeholder=\"mobitel ili telefon\" \/><\/span><\/label><br \/>\n<label>* E-mail adresa: <span class=\"wpcf7-form-control-wrap e-mail\"><input type=\"email\" name=\"e-mail\" value=\"\" size=\"40\" class=\"wpcf7-form-control wpcf7-text wpcf7-email wpcf7-validates-as-required wpcf7-validates-as-email\" aria-required=\"true\" aria-invalid=\"false\" \/><\/span><\/label><br \/>\n<label>Naslov poruke: <span class=\"wpcf7-form-control-wrap naslov-poruke\"><input type=\"text\" name=\"naslov-poruke\" value=\"\" size=\"40\" class=\"wpcf7-form-control wpcf7-text\" aria-invalid=\"false\" \/><\/span><\/label><br \/>\n<label>* Tekst poruke: <span class=\"wpcf7-form-control-wrap poruka\"><textarea name=\"poruka\" cols=\"40\" rows=\"6\" class=\"wpcf7-form-control wpcf7-textarea wpcf7-validates-as-required\" aria-required=\"true\" aria-invalid=\"false\"><\/textarea><\/span><\/label><\/p>\n<p><input type=\"submit\" value=\"Po\u0161alji\" class=\"wpcf7-form-control has-spinner wpcf7-submit\" \/><\/p>\n<p>S ciljem za\u0161tite privatnosti uz sve upisane podatke primjenjuje se Uredba (EU) 2016\/679 Europskog parlamenta i Vije\u0107a od 27. travnja 2016. godine o za\u0161titi pojedinaca u vezi s obradom osobnih podataka i o slobodnom kretanju takvih podataka od 25. svibnja 2018. godine.<\/p>\n<div class=\"wpcf7-response-output\" aria-hidden=\"true\"><\/div><\/form><\/div>\n","protected":false},"excerpt":{"rendered":"","protected":false},"author":1,"featured_media":0,"parent":0,"menu_order":810,"comment_status":"closed","ping_status":"closed","template":"","meta":[],"_links":{"self":[{"href":"https:\/\/www.inovagrupa.hr\/taxi\/index.php?rest_route=\/wp\/v2\/pages\/81"}],"collection":[{"href":"https:\/\/www.inovagrupa.hr\/taxi\/index.php?rest_route=\/wp\/v2\/pages"}],"about":[{"href":"https:\/\/www.inovagrupa.hr\/taxi\/index.php?rest_route=\/wp\/v2\/types\/page"}],"author":[{"embeddable":true,"href":"https:\/\/www.inovagrupa.hr\/taxi\/index.php?rest_route=\/wp\/v2\/users\/1"}],"replies":[{"embeddable":true,"href":"https:\/\/www.inovagrupa.hr\/taxi\/index.php?rest_route=%2Fwp%2Fv2%2Fcomments&post=81"}],"version-history":[{"count":9,"href":"https:\/\/www.inovagrupa.hr\/taxi\/index.php?rest_route=\/wp\/v2\/pages\/81\/revisions"}],"predecessor-version":[{"id":2491,"href":"https:\/\/www.inovagrupa.hr\/taxi\/index.php?rest_route=\/wp\/v2\/pages\/81\/revisions\/2491"}],"wp:attachment":[{"href":"https:\/\/www.inovagrupa.hr\/taxi\/index.php?rest_route=%2Fwp%2Fv2%2Fmedia&parent=81"}],"curies":[{"name":"wp","href":"https:\/\/api.w.org\/{rel}","templated":true}]}}