{"id":4,"date":"2014-11-08T19:54:39","date_gmt":"2014-11-08T17:54:39","guid":{"rendered":"http:\/\/www.taxi-inova.hr\/?page_id=4"},"modified":"2021-10-11T19:42:42","modified_gmt":"2021-10-11T17:42:42","slug":"o-uslugama","status":"publish","type":"page","link":"https:\/\/www.inovagrupa.hr\/taxi\/?page_id=4","title":{"rendered":"O uslugama"},"content":{"rendered":"<p>iNOVA Taxi pru\u017ea vam usluge autotaksi prijevoza u:<\/p>\n<ul>\n<li>gradskom<\/li>\n<li>prigradskom<\/li>\n<li>me\u0111umjesnom<\/li>\n<li>me\u0111ugradskom<\/li>\n<li>me\u0111unarodnom<\/li>\n<\/ul>\n<p>javnom cestovnom prometu putnika.<\/p>\n<p>Uz standardne usluge autotaksi prijevoza u mogu\u0107nosti smo ponuditi i:<\/p>\n<ul>\n<li>VIP vo\u017enje<\/li>\n<li>kurirske vo\u017enje<\/li>\n<li>turisti\u010dke vo\u017enje<\/li>\n<li>vo\u017enje uz potpunu diskreciju (bez reklamnih i taxi obilje\u017eja na vozilu)<\/li>\n<li>najam vozila s voza\u010dem<\/li>\n<\/ul>\n<p>Svim korisnicima na\u0161ih usluga, uz navedene, na raspolaganju je i nekoliko dodatnih usluga kao posebnih pogodnosti koje se mogu (is)koristiti tokom vo\u017enje.<\/p>\n<p>Ako jo\u0161 niste korisnik na\u0161ih usluga obratite nam se s punim povjerenjem.<\/p>\n<p>Vi\u0161e informacija o dodatnim uslugama potra\u017eite pod <a title=\"Saznajte vi\u0161e o Dodatnim uslugama\" href=\"http:\/\/www.inovagrupa.hr\/taxi\/?page_id=227\">Dodatne usluge<\/a>.<\/p>\n","protected":false},"excerpt":{"rendered":"<p>iNOVA Taxi pru\u017ea vam usluge autotaksi prijevoza u: gradskom prigradskom me\u0111umjesnom me\u0111ugradskom me\u0111unarodnom javnom cestovnom prometu putnika. Uz standardne usluge autotaksi prijevoza u mogu\u0107nosti smo ponuditi i: VIP vo\u017enje kurirske vo\u017enje turisti\u010dke vo\u017enje vo\u017enje uz potpunu diskreciju (bez reklamnih i taxi obilje\u017eja na vozilu) najam vozila s voza\u010dem Svim korisnicima na\u0161ih usluga, uz navedene, na &hellip; <\/p>\n<p class=\"link-more\"><a href=\"https:\/\/www.inovagrupa.hr\/taxi\/?page_id=4\" class=\"more-link\">Nastavi \u010ditati<span class=\"screen-reader-text\"> &#8220;O uslugama&#8221;<\/span><\/a><\/p>\n","protected":false},"author":1,"featured_media":0,"parent":0,"menu_order":200,"comment_status":"closed","ping_status":"closed","template":"","meta":[],"_links":{"self":[{"href":"https:\/\/www.inovagrupa.hr\/taxi\/index.php?rest_route=\/wp\/v2\/pages\/4"}],"collection":[{"href":"https:\/\/www.inovagrupa.hr\/taxi\/index.php?rest_route=\/wp\/v2\/pages"}],"about":[{"href":"https:\/\/www.inovagrupa.hr\/taxi\/index.php?rest_route=\/wp\/v2\/types\/page"}],"author":[{"embeddable":true,"href":"https:\/\/www.inovagrupa.hr\/taxi\/index.php?rest_route=\/wp\/v2\/users\/1"}],"replies":[{"embeddable":true,"href":"https:\/\/www.inovagrupa.hr\/taxi\/index.php?rest_route=%2Fwp%2Fv2%2Fcomments&post=4"}],"version-history":[{"count":34,"href":"https:\/\/www.inovagrupa.hr\/taxi\/index.php?rest_route=\/wp\/v2\/pages\/4\/revisions"}],"predecessor-version":[{"id":3527,"href":"https:\/\/www.inovagrupa.hr\/taxi\/index.php?rest_route=\/wp\/v2\/pages\/4\/revisions\/3527"}],"wp:attachment":[{"href":"https:\/\/www.inovagrupa.hr\/taxi\/index.php?rest_route=%2Fwp%2Fv2%2Fmedia&parent=4"}],"curies":[{"name":"wp","href":"https:\/\/api.w.org\/{rel}","templated":true}]}}