{"id":3606,"date":"2022-10-23T16:50:27","date_gmt":"2022-10-23T14:50:27","guid":{"rendered":"http:\/\/www.inovagrupa.hr\/taxi\/?page_id=3606"},"modified":"2024-05-01T20:19:18","modified_gmt":"2024-05-01T18:19:18","slug":"cjenik-2","status":"publish","type":"page","link":"https:\/\/www.inovagrupa.hr\/taxi\/?page_id=3606","title":{"rendered":"Cjenik"},"content":{"rendered":"\n<h1><strong>START<\/strong><\/h1>\n\n\n\n<p class=\"has-medium-font-size\"><strong>4,50 \u20ac | do 3 km<\/strong><\/p>\n\n\n\n<p class=\"has-medium-font-size\"><strong>8,50 \u20ac | do 3 km = 1 vo\u017enja + 1 povratna vo\u017enja<\/strong><\/p>\n\n\n\n<p class=\"has-medium-font-size\">U osnovnu tarifu (start uz fiksnu cijenu) uklju\u010dena su prva tri (3) kilometra vo\u017enje.<\/p>\n\n\n\n<p class=\"has-medium-font-size\"><strong>PROGRAM VJERNOSTI<\/strong><\/p>\n\n\n\n<p class=\"has-medium-font-size\"><strong>22,50 \u20ac | do 3 km = NEOGRANI\u010cENI BROJ BESPLATNIH VO\u017dNJI<\/strong><\/p>\n\n\n\n<p class=\"has-medium-font-size\">(nakon pet (5) vo\u017enji koje su uklju\u010dene u cijenu svaka daljnja vo\u017enja do kraja teku\u0107eg mjeseca se ne napla\u0107uje; vrijedi isklju\u010divo za polaske s taxi stajali\u0161ta Autobusni kolodvor Bjelovar u vremenu od 7.00 do 14.00 sati radnim danom od ponedjeljka do petka)<\/p>\n\n\n\n<h1><strong>VO\u017dNJA<\/strong><\/h1>\n\n\n\n<p class=\"has-medium-font-size\"><strong>1,10 \u20ac po kilometru unutar grada<\/strong><\/p>\n\n\n\n<h1><strong>\u010cEKANJE ILI VO\u017dNJA<\/strong><\/h1>\n\n\n\n<p class=\"has-medium-font-size\"><strong>0,15 \u20ac po minuti<\/strong><\/p>\n\n\n\n<p>Cjenik vrijedi od 2.5.2024. godine.<\/p>\n\n\n\n<p>Cijena vo\u017enje po km nije pove\u0107ana od 2.1.2023. godine<\/p>\n\n\n\n<p>A\u017eurirano: 1.5.2024. godine<\/p>\n","protected":false},"excerpt":{"rendered":"<p>START 4,50 \u20ac | do 3 km 8,50 \u20ac | do 3 km = 1 vo\u017enja + 1 povratna vo\u017enja U osnovnu tarifu (start uz fiksnu cijenu) uklju\u010dena su prva tri (3) kilometra vo\u017enje. PROGRAM VJERNOSTI 22,50 \u20ac | do 3 km = NEOGRANI\u010cENI BROJ BESPLATNIH VO\u017dNJI (nakon pet (5) vo\u017enji koje su uklju\u010dene u &hellip; <\/p>\n<p class=\"link-more\"><a href=\"https:\/\/www.inovagrupa.hr\/taxi\/?page_id=3606\" class=\"more-link\">Nastavi \u010ditati<span class=\"screen-reader-text\"> &#8220;Cjenik&#8221;<\/span><\/a><\/p>\n","protected":false},"author":1,"featured_media":0,"parent":0,"menu_order":0,"comment_status":"closed","ping_status":"closed","template":"","meta":[],"_links":{"self":[{"href":"https:\/\/www.inovagrupa.hr\/taxi\/index.php?rest_route=\/wp\/v2\/pages\/3606"}],"collection":[{"href":"https:\/\/www.inovagrupa.hr\/taxi\/index.php?rest_route=\/wp\/v2\/pages"}],"about":[{"href":"https:\/\/www.inovagrupa.hr\/taxi\/index.php?rest_route=\/wp\/v2\/types\/page"}],"author":[{"embeddable":true,"href":"https:\/\/www.inovagrupa.hr\/taxi\/index.php?rest_route=\/wp\/v2\/users\/1"}],"replies":[{"embeddable":true,"href":"https:\/\/www.inovagrupa.hr\/taxi\/index.php?rest_route=%2Fwp%2Fv2%2Fcomments&post=3606"}],"version-history":[{"count":21,"href":"https:\/\/www.inovagrupa.hr\/taxi\/index.php?rest_route=\/wp\/v2\/pages\/3606\/revisions"}],"predecessor-version":[{"id":3659,"href":"https:\/\/www.inovagrupa.hr\/taxi\/index.php?rest_route=\/wp\/v2\/pages\/3606\/revisions\/3659"}],"wp:attachment":[{"href":"https:\/\/www.inovagrupa.hr\/taxi\/index.php?rest_route=%2Fwp%2Fv2%2Fmedia&parent=3606"}],"curies":[{"name":"wp","href":"https:\/\/api.w.org\/{rel}","templated":true}]}}