{"id":348,"date":"2015-02-11T17:24:17","date_gmt":"2015-02-11T15:24:17","guid":{"rendered":"http:\/\/www.taxi-inova.hr\/?page_id=348"},"modified":"2021-10-11T19:11:22","modified_gmt":"2021-10-11T17:11:22","slug":"taxi-stajalista","status":"publish","type":"page","link":"https:\/\/www.inovagrupa.hr\/taxi\/?page_id=348","title":{"rendered":"Taxi stajali\u0161ta"},"content":{"rendered":"\n<p>Kartu taxi stajali\u0161ta u gradu Vara\u017edinu mo\u017eete pogledati na karti ispod ili klikom <a href=\"https:\/\/www.google.com\/maps\/d\/viewer?mid=zhm_vrlJGV3k.k3mRDoG61X8g\" target=\"_blank\" rel=\"noreferrer noopener\" aria-label=\" (otvara se u novoj kartici)\">ovdje<\/a> za ve\u0107u kartu (u novom prozoru).<\/p>\n\n\n\n<div style=\"height:50px\" aria-hidden=\"true\" class=\"wp-block-spacer\"><\/div>\n\n\n\n<iframe loading=\"lazy\" src=\"https:\/\/www.google.com\/maps\/d\/embed?mid=zhm_vrlJGV3k.k3mRDoG61X8g\" width=\"100%\" height=\"480\"><\/iframe>\n\n\n\n<div style=\"height:50px\" aria-hidden=\"true\" class=\"wp-block-spacer\"><\/div>\n\n\n\n<h2><strong>Obavijesti o taxi stajali\u0161tima<\/strong><\/h2>\n\n\n\n<ul><li>Nema novih obavijesti<\/li><\/ul>\n\n\n\n<h2><strong>Arhiva obavijesti<\/strong><\/h2>\n\n\n\n<ul><li>28.09.2019. | I ove godine, kao i ranijih godina, u vremenu nadolaze\u0107ih blagdana (cijeli mjesec listopad, studeni i prosinac) iNOVA Taxi odobrava posebni popust ukoliko se za polazi\u0161te ili odredi\u0161te koristi upravo taxi stajali\u0161te (PROMO k\u00f4d: SVDC).<\/li><\/ul>\n\n\n\n<ul><li>14.09.2018. | Od danas su u funkciji nova \u010detiri (4) taxi stajali\u0161ta u Vara\u017edinu na Kapucinskom trgu 6 u sklopu novootvorenog autobusnog kolodvora Vara\u017edin.<br>Iako se lokacija autobusnog kolodvora nije mijenjala adresa se od otvorenja promijenila iz Zrinskih i Frankopana bb u Kapucinski trg 6.<\/li><\/ul>\n\n\n\n<ul><li>11.06.2018. | Od danas su u funkciji nova \u010detiri (4) taxi stajali\u0161ta u Vara\u017edinu u ulici Gospodarska 56 u sklopu privremenog autobusnog kolodvora Vara\u017edin.<br>Taxi stajali\u0161ta u Vara\u017edinu u ulici Zrinskih i Frankopana bb, zbog rekonstrukcije dosada\u0161njeg autobusnog kolodvora, su do daljnjega zatvorena (gra\u0111evinski radovi trebali bi zavr\u0161iti do 9.9.2018. godine).<\/li><\/ul>\n\n\n\n<ul><li>31.10.2016. | I ove godine kao i pro\u0161le u vremenu nadolaze\u0107ih blagdana (cijeli mjesec studeni i prosinac) iNOVA Taxi odobrava posebni popust ukoliko se za polazi\u0161te ili odredi\u0161te koristi upravo taxi stajali\u0161te (PROMO k\u00f4d: SVDC).<\/li><\/ul>\n\n\n\n<ul><li>30.09.2016. | S krajem mjeseca rujna, 2016. godine zavr\u0161eno je iscrtavanje (repozicioniranje) taxi stajali\u0161ta na autobusnom kolodvoru u Vara\u017edinu u ulici Zrinskih i Frankopana bb. Radovi su izvedeni u sklopu ure\u0111enja budu\u0107e autobusne stanice gradskog busa i to neposredno prije samog po\u010detka startanja gradskog prijevoza Vincek autobusa.<\/li><\/ul>\n\n\n\n<ul><li>21.12.2015. | Iscrtavanjem i repozicioniranjem taxi stajali\u0161ta ispred Op\u0107e bolnice Vara\u017edin u ulici Ivana Me\u0161trovi\u0107a bb zavr\u0161eni su radovi na ure\u0111enju postoje\u0107ih i novih taxi stajali\u0161ta u gradu Vara\u017edinu.<\/li><\/ul>\n\n\n\n<ul><li>29.10.2015. | U vremenu nadolaze\u0107ih blagdana (cijeli mjesec studeni i prosinac) iNOVA Taxi odobrava posebni popust ukoliko se za polazi\u0161te ili odredi\u0161te koristi upravo taxi stajali\u0161te (PROMO k\u00f4d: SVDC).<\/li><\/ul>\n\n\n\n<ul><li>05.10.2015. | U mjesecu listopadu, 2015. godine zapo\u010deli su radovi na ure\u0111enju postoje\u0107ih i pripremi novih taxi stajali\u0161ta u gradu Vara\u017edinu.<\/li><\/ul>\n\n\n\n<div style=\"height:25px\" aria-hidden=\"true\" class=\"wp-block-spacer\"><\/div>\n\n\n\n<h2><strong>O taxi stajali\u0161tima<\/strong><\/h2>\n\n\n\n<p>Taxi stajali\u0161ta olak\u0161avaju i ubrzavaju rad voza\u010dima, pove\u0107avaju razinu sigurnosti putnicima prilikom njihovog ulaska\/izlaska iz vozila, a u vremenu pove\u0107anog intenziteta prometa mogu smanjiti prometne zastoje uzrokovane usputnim zaustavljanjima taxi vozila na prometnicama. <\/p>\n\n\n\n<p>Ako ste postoje\u0107i ili budu\u0107i korisnik taxi usluga pozivamo vas da taxi stajali\u0161ta, kad god je to mogu\u0107e, odredite kao va\u0161u polazi\u0161nu ili odredi\u0161nu to\u010dku. <\/p>\n\n\n\n<div style=\"height:25px\" aria-hidden=\"true\" class=\"wp-block-spacer\"><\/div>\n\n\n\n<h2><strong>Prometna (ne)kultura na taxi stajali\u0161tima<\/strong><\/h2>\n\n\n\n<p>Kako bi se voza\u010dima taxi vozila omogu\u0107io normalan rad, a korisnicima taxi usluga nesmetano kori\u0161tenje usluge molimo sve voza\u010de da svoja vozila ne zaustavljaju i\/ili parkiraju na taxi stajali\u0161tima. <\/p>\n\n\n\n<p>Voza\u010de kojima to jo\u0161 nije poznato podsje\u0107amo: &#8220;&#8230;zaustavljanje i\/ili parkiranje vozila na taxi stajali\u0161tu nije dozvoljeno&#8230;&#8221; <em>(Zakon o sigurnosti prometa na cestama; \u010dl. 82 st. 1 i st. 4; NN 70\/19)<\/em><\/p>\n","protected":false},"excerpt":{"rendered":"<p>Kartu taxi stajali\u0161ta u gradu Vara\u017edinu mo\u017eete pogledati na karti ispod ili klikom ovdje za ve\u0107u kartu (u novom prozoru). Obavijesti o taxi stajali\u0161tima Nema novih obavijesti Arhiva obavijesti 28.09.2019. | I ove godine, kao i ranijih godina, u vremenu nadolaze\u0107ih blagdana (cijeli mjesec listopad, studeni i prosinac) iNOVA Taxi odobrava posebni popust ukoliko se &hellip; <\/p>\n<p class=\"link-more\"><a href=\"https:\/\/www.inovagrupa.hr\/taxi\/?page_id=348\" class=\"more-link\">Nastavi \u010ditati<span class=\"screen-reader-text\"> &#8220;Taxi stajali\u0161ta&#8221;<\/span><\/a><\/p>\n","protected":false},"author":1,"featured_media":0,"parent":2,"menu_order":820,"comment_status":"closed","ping_status":"closed","template":"","meta":[],"_links":{"self":[{"href":"https:\/\/www.inovagrupa.hr\/taxi\/index.php?rest_route=\/wp\/v2\/pages\/348"}],"collection":[{"href":"https:\/\/www.inovagrupa.hr\/taxi\/index.php?rest_route=\/wp\/v2\/pages"}],"about":[{"href":"https:\/\/www.inovagrupa.hr\/taxi\/index.php?rest_route=\/wp\/v2\/types\/page"}],"author":[{"embeddable":true,"href":"https:\/\/www.inovagrupa.hr\/taxi\/index.php?rest_route=\/wp\/v2\/users\/1"}],"replies":[{"embeddable":true,"href":"https:\/\/www.inovagrupa.hr\/taxi\/index.php?rest_route=%2Fwp%2Fv2%2Fcomments&post=348"}],"version-history":[{"count":32,"href":"https:\/\/www.inovagrupa.hr\/taxi\/index.php?rest_route=\/wp\/v2\/pages\/348\/revisions"}],"predecessor-version":[{"id":3523,"href":"https:\/\/www.inovagrupa.hr\/taxi\/index.php?rest_route=\/wp\/v2\/pages\/348\/revisions\/3523"}],"up":[{"embeddable":true,"href":"https:\/\/www.inovagrupa.hr\/taxi\/index.php?rest_route=\/wp\/v2\/pages\/2"}],"wp:attachment":[{"href":"https:\/\/www.inovagrupa.hr\/taxi\/index.php?rest_route=%2Fwp%2Fv2%2Fmedia&parent=348"}],"curies":[{"name":"wp","href":"https:\/\/api.w.org\/{rel}","templated":true}]}}