{"id":2597,"date":"2019-02-10T14:54:58","date_gmt":"2019-02-10T12:54:58","guid":{"rendered":"http:\/\/www.taxi-inova.hr\/?page_id=2597"},"modified":"2023-11-16T00:22:35","modified_gmt":"2023-11-15T22:22:35","slug":"otkazivanje-narudzbe","status":"publish","type":"page","link":"https:\/\/www.inovagrupa.hr\/taxi\/?page_id=2597","title":{"rendered":"Otkazivanje narud\u017ebe"},"content":{"rendered":"\n<p>Narud\u017ebu za uslugu autotaksi prijevoza mogu\u0107e je BESPLATNO otkazati do trenutka potvrde narud\u017ebe odnosno do trenutka prije polaska taxi vozila prema polazi\u0161noj adresi naru\u010ditelja.<\/p>\n\n\n\n<p>Narud\u017ebu je mogu\u0107e otkazati putem telefona, mobitela, web-a (online) ili aplikacije (ovisno o vrsti narud\u017ebe).<\/p>\n\n\n\n<p>Otkazivanje ve\u0107 potvr\u0111ene narud\u017ebe (otkazivanje narud\u017ebe pri kojoj je taxi vozilo na putu prema polazi\u0161tu ili ve\u0107 stiglo na polazi\u0161nu adresu) napla\u0107uje se prema cjeniku:<\/p>\n\n\n\n<p><strong>4,00 \u20ac<\/strong> (udaljenost do 3 km) vrijedi u slu\u010daju pla\u0107anja ra\u010duna odmah po dolasku taxi vozila na polazi\u0161nu adresu<\/p>\n\n\n\n<p><strong>6,50 \u20ac<\/strong> (udaljenost do 5 km) vrijedi u svim slu\u010dajevima udaljavanja (&#8216;bijega&#8217;) s mjesta polazi\u0161ta prije dolaska taxi vozila<\/p>\n\n\n\n<p><strong>0,55 \u20ac<\/strong> po svakom prije\u0111enom kilometru taxi vozila (za polazi\u0161ne adrese izvan grada); vrijedi u slu\u010daju pla\u0107anja ra\u010duna odmah po dolasku taxi vozila na polazi\u0161nu adresu<\/p>\n\n\n\n<p><strong>0,60 \u20ac<\/strong> po svakom prije\u0111enom kilometru taxi vozila (za polazi\u0161ne adrese izvan grada); vrijedi u svim slu\u010dajevima udaljavanja (&#8216;bijega&#8217;) s mjesta polazi\u0161ta prije dolaska taxi vozila<\/p>\n\n\n\n<p>Pri odre\u0111ivanju udaljenosti (za polazi\u0161ne adrese izvan grada) za inicijalno polazi\u0161te i krajnje odredi\u0161te taxi vozila odre\u0111uje se taxi stajali\u0161te Autobusni kolodvor Vara\u017edin, Vara\u017edin, Kapucinski trg 6 ili taxi stajali\u0161te Autobusni kolodvor Bjelovar, Bjelovar, Trg kralja Tomislava bb. <\/p>\n\n\n\n<p>U slu\u010daju otkazivanja narud\u017ebe u vrijednosti ve\u0107oj od 35,00 \u20ac, uz tro\u0161ak dolaska taxi vozila, napla\u0107uje se i tro\u0161ak otkazivanja narud\u017ebe prema cjeniku (tro\u0161ak se izra\u010dunava prema postotku vrijednosti narud\u017ebe):<\/p>\n\n\n\n<p><strong>0 %<\/strong> (narud\u017eba otkazana 24 sata i vi\u0161e vremena prije termina polaska)<\/p>\n\n\n\n<p><strong>30 %<\/strong> (narud\u017eba otkazana od 12 do 24 sata prije termina polaska)<\/p>\n\n\n\n<p><strong>60 %<\/strong> (narud\u017eba otkazana od 6 do 12 sati prije termina polaska)<\/p>\n\n\n\n<p><strong>80 %<\/strong> (narud\u017eba otkazana od 3 do 6 sati prije termina polaska)<\/p>\n\n\n\n<p><strong>90 %<\/strong> (narud\u017eba otkazana od 1 do 3 sata prije termina polaska)<\/p>\n\n\n\n<p><strong>100 %<\/strong> (narud\u017eba otkazana u terminu polaska ili do 1 sat prije termina polaska)<\/p>\n\n\n\n<p>U slu\u010daju da naru\u010ditelj usluge autotaksi prijevoza ne plati tro\u0161ak dolaska taxi vozila i tro\u0161ak otkazivanja narud\u017ebe u roku do 7 dana od generiranja Obavijesti o tere\u0107enju izla\u017ee se riziku pla\u0107anja dodatnih tro\u0161kova (tro\u0161ak identifikacije SIM kartice, tro\u0161ak utvr\u0111ivanja identiteta i OIB-a te tro\u0161ak ovr\u0161nog i\/ili sudskog postupka) u iznosu od 150,00 eura na vi\u0161e. <\/p>\n\n\n\n<h2><strong>Pitanja i odgovori:<\/strong><\/h2>\n\n\n\n<p><strong>P:<\/strong> \u010cekao sam naru\u010deni taxi no maloprije me povezao prijatelj. Smijem li otkazati vo\u017enju?<\/p>\n\n\n\n<p><strong>O:<\/strong> Vo\u017enju mo\u017eete otkazati besplatno (bez tro\u0161ka) ukoliko vam nije isteklo vrijeme za otkazivanje narud\u017ebe odnosno ukoliko taxi vozilo ve\u0107 nije krenulo prema vama. Ukoliko je vrijeme za otkazivanje narud\u017ebe isteklo (taxi vozilo je ve\u0107 na putu prema vama) obvezni ste taxi prijevozniku podmiriti tro\u0161ak dolaska taxi vozila koji je nastao do trenutka va\u0161eg otkazivanja narud\u017ebe.<\/p>\n\n\n\n<p><strong>P:<\/strong> Naru\u010dio sam taxi no predomislio sam se, vi\u0161e mi ne treba. Smijem li samo oti\u0107i s polazi\u0161ta?<\/p>\n\n\n\n<p><strong>O:<\/strong> Na\u017ealost, ne. Obvezni ste prije odlaska s polazi\u0161ta otkazati narud\u017ebu i voza\u010du taxi vozila podmiriti tro\u0161ak dolaska taxi vozila. Ukoliko ne podmirite nastali tro\u0161ak dolaska taxi vozila (odmah ili u roku do 7 dana) va\u0161a narud\u017eba \u0107e biti okarakterizirana kao zlonamjerna. Svaka zlonamjerna narud\u017eba povla\u010di za sobom dodatni tro\u0161ak na va\u0161 teret u iznosu od 150,00 \u20ac na vi\u0161e.<\/p>\n\n\n\n<p><strong>P:<\/strong> Naru\u010dio sam taxi no mislim da sam u\u0161ao u drugo taxi vozilo. Ho\u0107u li imati kakve posljedice zbog toga?<\/p>\n\n\n\n<p><strong>O:<\/strong> Ukoliko osobno naru\u010dujete taxi vozilo (na nekom od taxi stajali\u0161ta) mo\u017eete odabrati bilo koje taxi vozilo no preporuka je ono koje je prvo u redu \u010dekanja. U slu\u010daju da ste taxi naru\u010dili telefonom, mobitelom, putem web-a (online) ili aplikacijom obvezni ste pri\u010dekati to\u010dno odre\u0111eno taxi vozilo koje je krenulo prema vama (obratite pozornost na broj taxi vozila ili registarsku oznaku taxi vozila). Ako ipak u\u0111ete u drugo taxi vozilo vo\u017enju mo\u017eete nastaviti u tom taxi vozilu no u tom slu\u010daju obvezni ste otkazati narud\u017ebu taxi prijevozniku od kojeg ste vo\u017enju i naru\u010dili te mu podmiriti tro\u0161ak dolaska taxi vozila i tro\u0161ak otkazivanja narud\u017ebe (ukoliko je vrijednost narud\u017ebe ve\u0107a od 35,00 \u20ac).<\/p>\n\n\n\n<p><strong>P:<\/strong> Po kojoj osnovi se napla\u0107uje tro\u0161ak dolaska taxi vozila?<\/p>\n\n\n\n<p><strong>O:<\/strong>  Tro\u0161ak dolaska taxi vozila (kao &#8220;obi\u010dna \u0161teta&#8221;) se napla\u0107uje po osnovi \u010dl. 1089 st. 1 <em>Zakona o obveznim odnosima<\/em> (NN 35\/05, 41\/08, 125\/11, 78\/15, 29\/18). <\/p>\n\n\n\n<p><strong>P:<\/strong> Po kojoj osnovi se napla\u0107uje tro\u0161ak otkazivanja narud\u017ebe?<\/p>\n\n\n\n<p><strong>O:<\/strong> Tro\u0161ak otkazivanja narud\u017ebe (kao &#8220;izmakla korist&#8221;) se napla\u0107uje po osnovi \u010dl. 1089 st. 1 i st. 3 <em>Zakona o obveznim odnosima<\/em> (NN 35\/05, 41\/08, 125\/11, 78\/15, 29\/18).<\/p>\n\n\n\n<p><strong>P:<\/strong>  Je li mogu\u0107e tro\u0161ak dolaska taxi vozila platiti u gotovini (nov\u010danicama i kovanicama)? <\/p>\n\n\n\n<p><strong>O:<\/strong> Tro\u0161ak dolaska taxi vozila i\/ili tro\u0161ak otkazivanja narud\u017ebe mogu\u0107e je platiti u gotovini isklju\u010divo na polazi\u0161noj adresi voza\u010du taxi vozila po izdavanju ra\u010duna.<\/p>\n\n\n\n<p><strong>P:<\/strong> Je li mogu\u0107e tro\u0161ak dolaska taxi vozila platiti kreditnom karticom?<\/p>\n\n\n\n<p><strong>O:<\/strong> Tro\u0161ak dolaska taxi vozila i\/ili tro\u0161ak otkazivanja narud\u017ebe mogu\u0107e je platiti debitnom ili kreditnom karticom VISA, VISA Electron, V Pay, Mastercard, Maestro, JCB ili Google Pay-om. Pla\u0107anje je mogu\u0107e inicirati na na\u0161oj stranici <a rel=\"noreferrer noopener\" aria-label=\"http:\/\/mypos.inovagrupa.hr (otvara se u novoj kartici)\" href=\"http:\/\/mypos.inovagrupa.hr\" target=\"_blank\">http:\/\/mypos.inovagrupa.hr<\/a> ili izvr\u0161iti pla\u0107anje na stranici na\u0161e karti\u010dne ku\u0107e na\u00a0<a href=\"https:\/\/mypos.com\/@inovagrupa\" data-type=\"URL\" data-id=\"https:\/\/mypos.com\/@inovagrupa\" target=\"_blank\" rel=\"noreferrer noopener\">https:\/\/mypos.com\/@inovagrupa<\/a> ili putem linka iz sms poruke.<\/p>\n\n\n\n<p><strong>P:<\/strong> Je li mogu\u0107e tro\u0161ak dolaska taxi vozila platiti putem internet bankarstva?<\/p>\n\n\n\n<p><strong>O:<\/strong> Tro\u0161ak dolaska taxi vozila i\/ili tro\u0161ak otkazivanja narud\u017ebe mogu\u0107e je platiti putem internet bankarstva ili uplatom u bilo kojoj po\u0161ti, banci ili poslovnici FINA-e. Pla\u0107anje se vr\u0161i uplatom u korist ra\u010duna iNOVA Grupe IBAN 4624020061140247683 uz model HR67 te poziv na broj ra\u010duna (inicijalni poziv na broj svakog ra\u010duna je OIB pri \u010demu je OIB = OIB platitelja).<\/p>\n\n\n\n<p>A\u017eurirano: 15.11.2023.<\/p>\n","protected":false},"excerpt":{"rendered":"<p>Narud\u017ebu za uslugu autotaksi prijevoza mogu\u0107e je BESPLATNO otkazati do trenutka potvrde narud\u017ebe odnosno do trenutka prije polaska taxi vozila prema polazi\u0161noj adresi naru\u010ditelja. Narud\u017ebu je mogu\u0107e otkazati putem telefona, mobitela, web-a (online) ili aplikacije (ovisno o vrsti narud\u017ebe). Otkazivanje ve\u0107 potvr\u0111ene narud\u017ebe (otkazivanje narud\u017ebe pri kojoj je taxi vozilo na putu prema polazi\u0161tu ili &hellip; <\/p>\n<p class=\"link-more\"><a href=\"https:\/\/www.inovagrupa.hr\/taxi\/?page_id=2597\" class=\"more-link\">Nastavi \u010ditati<span class=\"screen-reader-text\"> &#8220;Otkazivanje narud\u017ebe&#8221;<\/span><\/a><\/p>\n","protected":false},"author":1,"featured_media":0,"parent":0,"menu_order":0,"comment_status":"closed","ping_status":"closed","template":"","meta":[],"_links":{"self":[{"href":"https:\/\/www.inovagrupa.hr\/taxi\/index.php?rest_route=\/wp\/v2\/pages\/2597"}],"collection":[{"href":"https:\/\/www.inovagrupa.hr\/taxi\/index.php?rest_route=\/wp\/v2\/pages"}],"about":[{"href":"https:\/\/www.inovagrupa.hr\/taxi\/index.php?rest_route=\/wp\/v2\/types\/page"}],"author":[{"embeddable":true,"href":"https:\/\/www.inovagrupa.hr\/taxi\/index.php?rest_route=\/wp\/v2\/users\/1"}],"replies":[{"embeddable":true,"href":"https:\/\/www.inovagrupa.hr\/taxi\/index.php?rest_route=%2Fwp%2Fv2%2Fcomments&post=2597"}],"version-history":[{"count":59,"href":"https:\/\/www.inovagrupa.hr\/taxi\/index.php?rest_route=\/wp\/v2\/pages\/2597\/revisions"}],"predecessor-version":[{"id":3648,"href":"https:\/\/www.inovagrupa.hr\/taxi\/index.php?rest_route=\/wp\/v2\/pages\/2597\/revisions\/3648"}],"wp:attachment":[{"href":"https:\/\/www.inovagrupa.hr\/taxi\/index.php?rest_route=%2Fwp%2Fv2%2Fmedia&parent=2597"}],"curies":[{"name":"wp","href":"https:\/\/api.w.org\/{rel}","templated":true}]}}