{"id":117,"date":"2014-11-23T21:48:22","date_gmt":"2014-11-23T21:48:22","guid":{"rendered":"http:\/\/www.taxi-inova.hr\/?page_id=117"},"modified":"2018-12-16T21:47:18","modified_gmt":"2018-12-16T19:47:18","slug":"narudzba","status":"publish","type":"page","link":"https:\/\/www.inovagrupa.hr\/taxi\/?page_id=117","title":{"rendered":"Web narud\u017eba"},"content":{"rendered":"<div role=\"form\" class=\"wpcf7\" id=\"wpcf7-f2479-o1\" lang=\"hr\" dir=\"ltr\">\n<div class=\"screen-reader-response\"><p role=\"status\" aria-live=\"polite\" aria-atomic=\"true\"><\/p> <ul><\/ul><\/div>\n<form action=\"\/taxi\/index.php?rest_route=%2Fwp%2Fv2%2Fpages%2F117#wpcf7-f2479-o1\" method=\"post\" class=\"wpcf7-form init\" novalidate=\"novalidate\" data-status=\"init\">\n<div style=\"display: none;\">\n<input type=\"hidden\" name=\"_wpcf7\" value=\"2479\" \/>\n<input type=\"hidden\" name=\"_wpcf7_version\" value=\"5.5.6\" \/>\n<input type=\"hidden\" name=\"_wpcf7_locale\" value=\"hr\" \/>\n<input type=\"hidden\" name=\"_wpcf7_unit_tag\" value=\"wpcf7-f2479-o1\" \/>\n<input type=\"hidden\" name=\"_wpcf7_container_post\" value=\"0\" \/>\n<input type=\"hidden\" name=\"_wpcf7_posted_data_hash\" value=\"\" \/>\n<\/div>\n<p>Za narud\u017ebu vo\u017enje molimo ispunite i po\u0161aljite obrazac narud\u017ebe na ovoj stranici. Sve narud\u017ebe zaprimljene u vremenu od 6.00 do 22.00 sata se odmah procesuiraju.<\/p>\n<p>* polja ozna\u010dena zvjezdicom su obvezna za unos<\/p>\n<p><label>* Ime i prezime: <span class=\"wpcf7-form-control-wrap ime-prezime\"><input type=\"text\" name=\"ime-prezime\" value=\"\" size=\"40\" class=\"wpcf7-form-control wpcf7-text wpcf7-validates-as-required\" aria-required=\"true\" aria-invalid=\"false\" \/><\/span><\/label><br \/>\n<label>* Broj mobitela: <span class=\"wpcf7-form-control-wrap mobitel\"><input type=\"tel\" name=\"mobitel\" value=\"\" size=\"40\" class=\"wpcf7-form-control wpcf7-text wpcf7-tel wpcf7-validates-as-required wpcf7-validates-as-tel\" aria-required=\"true\" aria-invalid=\"false\" \/><\/span><\/label><br \/>\n<label>* E-mail adresa: <span class=\"wpcf7-form-control-wrap e-mail\"><input type=\"email\" name=\"e-mail\" value=\"\" size=\"40\" class=\"wpcf7-form-control wpcf7-text wpcf7-email wpcf7-validates-as-required wpcf7-validates-as-email\" aria-required=\"true\" aria-invalid=\"false\" \/><\/span><\/label><br \/>\n<label>* Polazi\u0161na adresa: <span class=\"wpcf7-form-control-wrap polaziste\"><input type=\"text\" name=\"polaziste\" value=\"\" size=\"40\" class=\"wpcf7-form-control wpcf7-text wpcf7-validates-as-required\" aria-required=\"true\" aria-invalid=\"false\" placeholder=\"ulica, ku\u0107ni broj i mjesto polazi\u0161ta\" \/><\/span><\/label><br \/>\n<label>* Odredi\u0161na adresa: <span class=\"wpcf7-form-control-wrap odrediste\"><input type=\"text\" name=\"odrediste\" value=\"\" size=\"40\" class=\"wpcf7-form-control wpcf7-text wpcf7-validates-as-required\" aria-required=\"true\" aria-invalid=\"false\" placeholder=\"ulica, ku\u0107ni broj i mjesto odredi\u0161ta\" \/><\/span><\/label><br \/>\n<label>Napomena: <span class=\"wpcf7-form-control-wrap napomena\"><textarea name=\"napomena\" cols=\"40\" rows=\"3\" class=\"wpcf7-form-control wpcf7-textarea\" aria-invalid=\"false\"><\/textarea><\/span><\/label><br \/>\n<label>* Datum polaska: <span class=\"wpcf7-form-control-wrap datum\"><input type=\"date\" name=\"datum\" value=\"\" class=\"wpcf7-form-control wpcf7-date wpcf7-validates-as-required wpcf7-validates-as-date\" min=\"2026-04-04\" max=\"2026-04-18\" aria-required=\"true\" aria-invalid=\"false\" \/><\/span><\/label><br \/>\n<label>* Vrijeme polaska: <span class=\"wpcf7-form-control-wrap vrijeme\"><input type=\"text\" name=\"vrijeme\" value=\"\" size=\"40\" class=\"wpcf7-form-control wpcf7-text wpcf7-validates-as-required\" aria-required=\"true\" aria-invalid=\"false\" placeholder=\"00:00\" \/><\/span><\/label><br \/>\n<label>* Broj putnika: <span class=\"wpcf7-form-control-wrap broj-putnika\"><input type=\"number\" name=\"broj-putnika\" value=\"\" class=\"wpcf7-form-control wpcf7-number wpcf7-validates-as-required wpcf7-validates-as-number\" min=\"1\" max=\"4\" aria-required=\"true\" aria-invalid=\"false\" \/><\/span><\/label><\/p>\n<p><input type=\"submit\" value=\"Po\u0161alji\" class=\"wpcf7-form-control has-spinner wpcf7-submit\" \/><\/p>\n<p>S ciljem za\u0161tite privatnosti uz sve upisane podatke primjenjuje se Uredba (EU) 2016\/679 Europskog parlamenta i Vije\u0107a od 27. travnja 2016. godine o za\u0161titi pojedinaca u vezi s obradom osobnih podataka i o slobodnom kretanju takvih podataka od 25. svibnja 2018. godine.<\/p>\n<div class=\"wpcf7-response-output\" aria-hidden=\"true\"><\/div><\/form><\/div>\n","protected":false},"excerpt":{"rendered":"","protected":false},"author":1,"featured_media":0,"parent":0,"menu_order":600,"comment_status":"closed","ping_status":"closed","template":"","meta":[],"_links":{"self":[{"href":"https:\/\/www.inovagrupa.hr\/taxi\/index.php?rest_route=\/wp\/v2\/pages\/117"}],"collection":[{"href":"https:\/\/www.inovagrupa.hr\/taxi\/index.php?rest_route=\/wp\/v2\/pages"}],"about":[{"href":"https:\/\/www.inovagrupa.hr\/taxi\/index.php?rest_route=\/wp\/v2\/types\/page"}],"author":[{"embeddable":true,"href":"https:\/\/www.inovagrupa.hr\/taxi\/index.php?rest_route=\/wp\/v2\/users\/1"}],"replies":[{"embeddable":true,"href":"https:\/\/www.inovagrupa.hr\/taxi\/index.php?rest_route=%2Fwp%2Fv2%2Fcomments&post=117"}],"version-history":[{"count":4,"href":"https:\/\/www.inovagrupa.hr\/taxi\/index.php?rest_route=\/wp\/v2\/pages\/117\/revisions"}],"predecessor-version":[{"id":2488,"href":"https:\/\/www.inovagrupa.hr\/taxi\/index.php?rest_route=\/wp\/v2\/pages\/117\/revisions\/2488"}],"wp:attachment":[{"href":"https:\/\/www.inovagrupa.hr\/taxi\/index.php?rest_route=%2Fwp%2Fv2%2Fmedia&parent=117"}],"curies":[{"name":"wp","href":"https:\/\/api.w.org\/{rel}","templated":true}]}}