{"id":395,"date":"2019-03-24T16:22:51","date_gmt":"2019-03-24T16:22:51","guid":{"rendered":"http:\/\/www.inovagrupa.hr\/?page_id=395"},"modified":"2022-04-03T18:07:03","modified_gmt":"2022-04-03T16:07:03","slug":"nase-djelatnosti","status":"publish","type":"page","link":"http:\/\/www.inovagrupa.hr\/?page_id=395","title":{"rendered":"Na\u0161e djelatnosti"},"content":{"rendered":"\n<div style=\"height:50px\" aria-hidden=\"true\" class=\"wp-block-spacer\"><\/div>\n\n\n\n<figure class=\"wp-block-image alignfull\"><img loading=\"lazy\" width=\"1024\" height=\"682\" src=\"http:\/\/www.inovagrupa.hr\/wp-content\/uploads\/2019\/04\/background.it_-1024x682.jpg\" alt=\"\" class=\"wp-image-804\" srcset=\"http:\/\/www.inovagrupa.hr\/wp-content\/uploads\/2019\/04\/background.it_-1024x682.jpg 1024w, http:\/\/www.inovagrupa.hr\/wp-content\/uploads\/2019\/04\/background.it_-800x533.jpg 800w, http:\/\/www.inovagrupa.hr\/wp-content\/uploads\/2019\/04\/background.it_-300x200.jpg 300w, http:\/\/www.inovagrupa.hr\/wp-content\/uploads\/2019\/04\/background.it_-768x512.jpg 768w, http:\/\/www.inovagrupa.hr\/wp-content\/uploads\/2019\/04\/background.it_-500x333.jpg 500w, http:\/\/www.inovagrupa.hr\/wp-content\/uploads\/2019\/04\/background.it_-1280x853.jpg 1280w, http:\/\/www.inovagrupa.hr\/wp-content\/uploads\/2019\/04\/background.it_.jpg 1648w\" sizes=\"(max-width: 1024px) 100vw, 1024px\" \/><\/figure>\n\n\n\n<div style=\"height:50px\" aria-hidden=\"true\" class=\"wp-block-spacer\"><\/div>\n\n\n\n<div class=\"wp-block-image\"><figure class=\"aligncenter\"><img loading=\"lazy\" width=\"1024\" height=\"103\" src=\"http:\/\/www.inovagrupa.hr\/wp-content\/uploads\/2019\/03\/logo.iNOVA_.IT_-1024x103.png\" alt=\"Logo iNOVA IT\" class=\"wp-image-444\" srcset=\"http:\/\/www.inovagrupa.hr\/wp-content\/uploads\/2019\/03\/logo.iNOVA_.IT_-1024x103.png 1024w, http:\/\/www.inovagrupa.hr\/wp-content\/uploads\/2019\/03\/logo.iNOVA_.IT_-800x81.png 800w, http:\/\/www.inovagrupa.hr\/wp-content\/uploads\/2019\/03\/logo.iNOVA_.IT_-300x30.png 300w, http:\/\/www.inovagrupa.hr\/wp-content\/uploads\/2019\/03\/logo.iNOVA_.IT_-768x78.png 768w\" sizes=\"(max-width: 1024px) 100vw, 1024px\" \/><\/figure><\/div>\n\n\n\n<div style=\"height:25px\" aria-hidden=\"true\" class=\"wp-block-spacer\"><\/div>\n\n\n\n<h2>Prete\u017eita djelatnost<\/h2>\n\n\n\n<p>62.01 Ra\u010dunalno programiranje<\/p>\n\n\n\n<div style=\"height:50px\" aria-hidden=\"true\" class=\"wp-block-spacer\"><\/div>\n\n\n\n<figure class=\"wp-block-image alignfull\"><img loading=\"lazy\" width=\"1024\" height=\"727\" src=\"http:\/\/www.inovagrupa.hr\/wp-content\/uploads\/2019\/04\/background.bookkeeping-1024x727.jpg\" alt=\"\" class=\"wp-image-801\" srcset=\"http:\/\/www.inovagrupa.hr\/wp-content\/uploads\/2019\/04\/background.bookkeeping-1024x727.jpg 1024w, http:\/\/www.inovagrupa.hr\/wp-content\/uploads\/2019\/04\/background.bookkeeping-800x568.jpg 800w, http:\/\/www.inovagrupa.hr\/wp-content\/uploads\/2019\/04\/background.bookkeeping-300x213.jpg 300w, http:\/\/www.inovagrupa.hr\/wp-content\/uploads\/2019\/04\/background.bookkeeping-768x545.jpg 768w, http:\/\/www.inovagrupa.hr\/wp-content\/uploads\/2019\/04\/background.bookkeeping-500x355.jpg 500w, http:\/\/www.inovagrupa.hr\/wp-content\/uploads\/2019\/04\/background.bookkeeping-1280x909.jpg 1280w, http:\/\/www.inovagrupa.hr\/wp-content\/uploads\/2019\/04\/background.bookkeeping.jpg 1680w\" sizes=\"(max-width: 1024px) 100vw, 1024px\" \/><\/figure>\n\n\n\n<div style=\"height:50px\" aria-hidden=\"true\" class=\"wp-block-spacer\"><\/div>\n\n\n\n<div class=\"wp-block-image\"><figure class=\"aligncenter\"><img loading=\"lazy\" width=\"1024\" height=\"103\" src=\"http:\/\/www.inovagrupa.hr\/wp-content\/uploads\/2019\/03\/logo.iNOVA_.Usluge-1024x103.png\" alt=\"Logo iNOVA Usluge\" class=\"wp-image-446\" srcset=\"http:\/\/www.inovagrupa.hr\/wp-content\/uploads\/2019\/03\/logo.iNOVA_.Usluge-1024x103.png 1024w, http:\/\/www.inovagrupa.hr\/wp-content\/uploads\/2019\/03\/logo.iNOVA_.Usluge-800x81.png 800w, http:\/\/www.inovagrupa.hr\/wp-content\/uploads\/2019\/03\/logo.iNOVA_.Usluge-300x30.png 300w, http:\/\/www.inovagrupa.hr\/wp-content\/uploads\/2019\/03\/logo.iNOVA_.Usluge-768x78.png 768w\" sizes=\"(max-width: 1024px) 100vw, 1024px\" \/><\/figure><\/div>\n\n\n\n<div style=\"height:25px\" aria-hidden=\"true\" class=\"wp-block-spacer\"><\/div>\n\n\n\n<h2>Usluge u IT podru\u010dju<\/h2>\n\n\n\n<p>18.20 Umno\u017eavanje snimljenih zapisa<br>58.21 Izdavanje ra\u010dunalnih igara<br>58.29 Izdavanje ostalog softvera<br>62.01 Ra\u010dunalno programiranje<br>62.02 Savjetovanje u vezi s ra\u010dunalima<br>62.03 Upravljanje ra\u010dunalnom opremom i sustavom<br>62.09 Ostale uslu\u017ene djelatnosti u vezi s informacijskom tehnologijom i ra\u010dunalima<br>63.11 Obrada podataka, usluge poslu\u017eitelja i djelatnosti povezane s njima<br>63.99 Ostale informacijske uslu\u017ene djelatnosti<br>74.10 Specijalizirane dizajnerske djelatnosti<br>74.30 Prevoditeljske djelatnosti i usluge tuma\u010da<br>77.33 Iznajmljivanje i davanje u zakup (leasing) IT\/ICT opreme (uklju\u010duju\u0107i ra\u010dunala) te audio i video opreme<br>95.11 Programsko odr\u017eavanje ra\u010dunala i IT opreme<br>95.12 Programsko odr\u017eavanje ICT opreme<\/p>\n\n\n\n<div style=\"height:50px\" aria-hidden=\"true\" class=\"wp-block-spacer\"><\/div>\n\n\n\n<figure class=\"wp-block-image alignfull\"><img loading=\"lazy\" width=\"1024\" height=\"683\" src=\"http:\/\/www.inovagrupa.hr\/wp-content\/uploads\/2019\/04\/background.general-1024x683.jpg\" alt=\"\" class=\"wp-image-802\" srcset=\"http:\/\/www.inovagrupa.hr\/wp-content\/uploads\/2019\/04\/background.general-1024x683.jpg 1024w, http:\/\/www.inovagrupa.hr\/wp-content\/uploads\/2019\/04\/background.general-800x533.jpg 800w, http:\/\/www.inovagrupa.hr\/wp-content\/uploads\/2019\/04\/background.general-300x200.jpg 300w, http:\/\/www.inovagrupa.hr\/wp-content\/uploads\/2019\/04\/background.general-768x512.jpg 768w, http:\/\/www.inovagrupa.hr\/wp-content\/uploads\/2019\/04\/background.general-500x333.jpg 500w, http:\/\/www.inovagrupa.hr\/wp-content\/uploads\/2019\/04\/background.general-1280x853.jpg 1280w, http:\/\/www.inovagrupa.hr\/wp-content\/uploads\/2019\/04\/background.general.jpg 1680w\" sizes=\"(max-width: 1024px) 100vw, 1024px\" \/><\/figure>\n\n\n\n<div style=\"height:50px\" aria-hidden=\"true\" class=\"wp-block-spacer\"><\/div>\n\n\n\n<div class=\"wp-block-image\"><figure class=\"aligncenter\"><img loading=\"lazy\" width=\"1024\" height=\"103\" src=\"http:\/\/www.inovagrupa.hr\/wp-content\/uploads\/2019\/03\/logo.iNOVA_.Trgovina-1024x103.png\" alt=\"Logo iNOVA Trgovina\" class=\"wp-image-445\" srcset=\"http:\/\/www.inovagrupa.hr\/wp-content\/uploads\/2019\/03\/logo.iNOVA_.Trgovina-1024x103.png 1024w, http:\/\/www.inovagrupa.hr\/wp-content\/uploads\/2019\/03\/logo.iNOVA_.Trgovina-800x81.png 800w, http:\/\/www.inovagrupa.hr\/wp-content\/uploads\/2019\/03\/logo.iNOVA_.Trgovina-300x30.png 300w, http:\/\/www.inovagrupa.hr\/wp-content\/uploads\/2019\/03\/logo.iNOVA_.Trgovina-768x78.png 768w\" sizes=\"(max-width: 1024px) 100vw, 1024px\" \/><\/figure><\/div>\n\n\n\n<div style=\"height:25px\" aria-hidden=\"true\" class=\"wp-block-spacer\"><\/div>\n\n\n\n<h2>Trgovina u IT podru\u010dju<\/h2>\n\n\n\n<p>46.14 Posredovanje u trgovini uredskim strojevima, ra\u010dunalima i IT\/ICT opremom<br>46.19 Posredovanje u trgovini raznovrsnim proizvodima<br>47.91 Trgovina na malo preko po\u0161te ili interneta (prodaja softvera, programskih licenci i knjiga)<\/p>\n\n\n\n<h2>Trgovina u ostalim podru\u010djima<\/h2>\n\n\n\n<p>45.11 Posredovanje u trgovini na malo automobilima i motornim vozilima lake kategorije<br>45.19 Posredovanje u trgovini na malo ostalim motornim vozilima<\/p>\n\n\n\n<div style=\"height:50px\" aria-hidden=\"true\" class=\"wp-block-spacer\"><\/div>\n\n\n\n<figure class=\"wp-block-image alignfull\"><img loading=\"lazy\" width=\"1024\" height=\"683\" src=\"http:\/\/www.inovagrupa.hr\/wp-content\/uploads\/2019\/04\/background.marketing-1024x683.jpg\" alt=\"\" class=\"wp-image-805\" srcset=\"http:\/\/www.inovagrupa.hr\/wp-content\/uploads\/2019\/04\/background.marketing-1024x683.jpg 1024w, http:\/\/www.inovagrupa.hr\/wp-content\/uploads\/2019\/04\/background.marketing-800x533.jpg 800w, http:\/\/www.inovagrupa.hr\/wp-content\/uploads\/2019\/04\/background.marketing-300x200.jpg 300w, http:\/\/www.inovagrupa.hr\/wp-content\/uploads\/2019\/04\/background.marketing-768x512.jpg 768w, http:\/\/www.inovagrupa.hr\/wp-content\/uploads\/2019\/04\/background.marketing-500x333.jpg 500w, http:\/\/www.inovagrupa.hr\/wp-content\/uploads\/2019\/04\/background.marketing-1280x853.jpg 1280w, http:\/\/www.inovagrupa.hr\/wp-content\/uploads\/2019\/04\/background.marketing.jpg 1680w\" sizes=\"(max-width: 1024px) 100vw, 1024px\" \/><\/figure>\n\n\n\n<div style=\"height:50px\" aria-hidden=\"true\" class=\"wp-block-spacer\"><\/div>\n\n\n\n<div class=\"wp-block-image\"><figure class=\"aligncenter\"><img loading=\"lazy\" width=\"1024\" height=\"103\" src=\"http:\/\/www.inovagrupa.hr\/wp-content\/uploads\/2019\/03\/logo.iNOVA_.Marketing-1024x103.png\" alt=\"Logo iNOVA Marketing\" class=\"wp-image-440\" srcset=\"http:\/\/www.inovagrupa.hr\/wp-content\/uploads\/2019\/03\/logo.iNOVA_.Marketing-1024x103.png 1024w, http:\/\/www.inovagrupa.hr\/wp-content\/uploads\/2019\/03\/logo.iNOVA_.Marketing-800x81.png 800w, http:\/\/www.inovagrupa.hr\/wp-content\/uploads\/2019\/03\/logo.iNOVA_.Marketing-300x30.png 300w, http:\/\/www.inovagrupa.hr\/wp-content\/uploads\/2019\/03\/logo.iNOVA_.Marketing-768x78.png 768w\" sizes=\"(max-width: 1024px) 100vw, 1024px\" \/><\/figure><\/div>\n\n\n\n<div style=\"height:25px\" aria-hidden=\"true\" class=\"wp-block-spacer\"><\/div>\n\n\n\n<h2>Marketing<\/h2>\n\n\n\n<p>18.12 Ostalo tiskanje<br>18.13 Usluge pripreme za tisak i objavljivanje<br>18.14 Knjigove\u0161ke i srodne usluge<br>58.19 Ostala izdava\u010dka djelatnost<br>73.11 Agencije za promid\u017ebu (reklamu i propagandu)<br>73.12 Ogla\u0161avanje preko medija<br>73.20 Istra\u017eivanje tr\u017ei\u0161ta i ispitivanje javnoga mnijenja<\/p>\n\n\n\n<div style=\"height:50px\" aria-hidden=\"true\" class=\"wp-block-spacer\"><\/div>\n\n\n\n<figure class=\"wp-block-image alignfull\"><img loading=\"lazy\" width=\"1024\" height=\"680\" src=\"http:\/\/www.inovagrupa.hr\/wp-content\/uploads\/2019\/04\/background.services-1024x680.jpg\" alt=\"\" class=\"wp-image-806\" srcset=\"http:\/\/www.inovagrupa.hr\/wp-content\/uploads\/2019\/04\/background.services-1024x680.jpg 1024w, http:\/\/www.inovagrupa.hr\/wp-content\/uploads\/2019\/04\/background.services-800x531.jpg 800w, http:\/\/www.inovagrupa.hr\/wp-content\/uploads\/2019\/04\/background.services-300x199.jpg 300w, http:\/\/www.inovagrupa.hr\/wp-content\/uploads\/2019\/04\/background.services-768x510.jpg 768w, http:\/\/www.inovagrupa.hr\/wp-content\/uploads\/2019\/04\/background.services-500x332.jpg 500w, http:\/\/www.inovagrupa.hr\/wp-content\/uploads\/2019\/04\/background.services-1280x850.jpg 1280w, http:\/\/www.inovagrupa.hr\/wp-content\/uploads\/2019\/04\/background.services.jpg 1680w\" sizes=\"(max-width: 1024px) 100vw, 1024px\" \/><\/figure>\n\n\n\n<div style=\"height:50px\" aria-hidden=\"true\" class=\"wp-block-spacer\"><\/div>\n\n\n\n<div class=\"wp-block-image\"><figure class=\"aligncenter\"><img loading=\"lazy\" width=\"1024\" height=\"103\" src=\"http:\/\/www.inovagrupa.hr\/wp-content\/uploads\/2019\/03\/logo.iNOVA_.Knjigovodstvo-1024x103.png\" alt=\"Logo iNOVA Knjigovodstvo\" class=\"wp-image-439\" srcset=\"http:\/\/www.inovagrupa.hr\/wp-content\/uploads\/2019\/03\/logo.iNOVA_.Knjigovodstvo-1024x103.png 1024w, http:\/\/www.inovagrupa.hr\/wp-content\/uploads\/2019\/03\/logo.iNOVA_.Knjigovodstvo-800x81.png 800w, http:\/\/www.inovagrupa.hr\/wp-content\/uploads\/2019\/03\/logo.iNOVA_.Knjigovodstvo-300x30.png 300w, http:\/\/www.inovagrupa.hr\/wp-content\/uploads\/2019\/03\/logo.iNOVA_.Knjigovodstvo-768x78.png 768w\" sizes=\"(max-width: 1024px) 100vw, 1024px\" \/><\/figure><\/div>\n\n\n\n<div style=\"height:25px\" aria-hidden=\"true\" class=\"wp-block-spacer\"><\/div>\n\n\n\n<h2>Ra\u010dunovodstvo i knjigovodstvo<\/h2>\n\n\n\n<p>69.20 Ra\u010dunovodstvene i knjigovodstvene djelatnosti<br>70.22 Savjetovanje u vezi s poslovanjem i ostalim upravljanjem<br>82.11 Kombinirane uredske administrativne uslu\u017ene djelatnosti<br>82.19 Fotokopiranje, priprema dokumenata i ostale specijalizirane uredske pomo\u0107ne djelatnosti<\/p>\n\n\n\n<div style=\"height:50px\" aria-hidden=\"true\" class=\"wp-block-spacer\"><\/div>\n\n\n\n<figure class=\"wp-block-image alignfull\"><img loading=\"lazy\" width=\"1024\" height=\"680\" src=\"http:\/\/www.inovagrupa.hr\/wp-content\/uploads\/2019\/04\/background.taxi_-1024x680.jpg\" alt=\"\" class=\"wp-image-807\" srcset=\"http:\/\/www.inovagrupa.hr\/wp-content\/uploads\/2019\/04\/background.taxi_-1024x680.jpg 1024w, http:\/\/www.inovagrupa.hr\/wp-content\/uploads\/2019\/04\/background.taxi_-800x531.jpg 800w, http:\/\/www.inovagrupa.hr\/wp-content\/uploads\/2019\/04\/background.taxi_-300x199.jpg 300w, http:\/\/www.inovagrupa.hr\/wp-content\/uploads\/2019\/04\/background.taxi_-768x510.jpg 768w, http:\/\/www.inovagrupa.hr\/wp-content\/uploads\/2019\/04\/background.taxi_-500x332.jpg 500w, http:\/\/www.inovagrupa.hr\/wp-content\/uploads\/2019\/04\/background.taxi_-1280x850.jpg 1280w, http:\/\/www.inovagrupa.hr\/wp-content\/uploads\/2019\/04\/background.taxi_.jpg 1680w\" sizes=\"(max-width: 1024px) 100vw, 1024px\" \/><\/figure>\n\n\n\n<div style=\"height:50px\" aria-hidden=\"true\" class=\"wp-block-spacer\"><\/div>\n\n\n\n<div class=\"wp-block-image\"><figure class=\"aligncenter is-resized\"><img src=\"http:\/\/www.inovagrupa.hr\/wp-content\/uploads\/2019\/03\/logo.iNOVA_.Taxi_-1024x103.png\" alt=\"Logo iNOVA Taxi\" class=\"wp-image-441\" height=\"103\" srcset=\"http:\/\/www.inovagrupa.hr\/wp-content\/uploads\/2019\/03\/logo.iNOVA_.Taxi_-1024x103.png 1024w, http:\/\/www.inovagrupa.hr\/wp-content\/uploads\/2019\/03\/logo.iNOVA_.Taxi_-800x81.png 800w, http:\/\/www.inovagrupa.hr\/wp-content\/uploads\/2019\/03\/logo.iNOVA_.Taxi_-300x30.png 300w, http:\/\/www.inovagrupa.hr\/wp-content\/uploads\/2019\/03\/logo.iNOVA_.Taxi_-768x78.png 768w\" sizes=\"(max-width: 1024px) 100vw, 1024px\" \/><\/figure><\/div>\n\n\n\n<div style=\"height:25px\" aria-hidden=\"true\" class=\"wp-block-spacer\"><\/div>\n\n\n\n<h2>Prijevoz putnika<\/h2>\n\n\n\n<p>49.31 Gradski i prigradski kopneni prijevoz putnika<br>49.32 Taksi slu\u017eba<br>77.11 Iznajmljivanje i davanje u zakup (leasing) automobila i motornih vozila lake kategorije<br>96.09 Ostale osobne uslu\u017ene djelatnosti povezane s prijevozom i organiziranjem prijevoza putnika<\/p>\n\n\n\n<div style=\"height:50px\" aria-hidden=\"true\" class=\"wp-block-spacer\"><\/div>\n","protected":false},"excerpt":{"rendered":"<p>Prete\u017eita djelatnost 62.01 Ra\u010dunalno programiranje Usluge u IT podru\u010dju 18.20 Umno\u017eavanje snimljenih zapisa58.21 Izdavanje ra\u010dunalnih igara58.29 Izdavanje ostalog softvera62.01 Ra\u010dunalno programiranje62.02 Savjetovanje u vezi s ra\u010dunalima62.03 Upravljanje ra\u010dunalnom opremom i sustavom62.09 Ostale uslu\u017ene djelatnosti u vezi s informacijskom tehnologijom i ra\u010dunalima63.11 Obrada podataka, usluge poslu\u017eitelja i djelatnosti povezane s njima63.99 Ostale informacijske uslu\u017ene djelatnosti74.10 Specijalizirane [&hellip;]<\/p>\n","protected":false},"author":1,"featured_media":0,"parent":0,"menu_order":0,"comment_status":"closed","ping_status":"closed","template":"","meta":{"spay_email":""},"_links":{"self":[{"href":"http:\/\/www.inovagrupa.hr\/index.php?rest_route=\/wp\/v2\/pages\/395"}],"collection":[{"href":"http:\/\/www.inovagrupa.hr\/index.php?rest_route=\/wp\/v2\/pages"}],"about":[{"href":"http:\/\/www.inovagrupa.hr\/index.php?rest_route=\/wp\/v2\/types\/page"}],"author":[{"embeddable":true,"href":"http:\/\/www.inovagrupa.hr\/index.php?rest_route=\/wp\/v2\/users\/1"}],"replies":[{"embeddable":true,"href":"http:\/\/www.inovagrupa.hr\/index.php?rest_route=%2Fwp%2Fv2%2Fcomments&post=395"}],"version-history":[{"count":72,"href":"http:\/\/www.inovagrupa.hr\/index.php?rest_route=\/wp\/v2\/pages\/395\/revisions"}],"predecessor-version":[{"id":1606,"href":"http:\/\/www.inovagrupa.hr\/index.php?rest_route=\/wp\/v2\/pages\/395\/revisions\/1606"}],"wp:attachment":[{"href":"http:\/\/www.inovagrupa.hr\/index.php?rest_route=%2Fwp%2Fv2%2Fmedia&parent=395"}],"curies":[{"name":"wp","href":"https:\/\/api.w.org\/{rel}","templated":true}]}}