{"id":360,"date":"2019-03-24T10:48:02","date_gmt":"2019-03-24T10:48:02","guid":{"rendered":"http:\/\/www.inovagrupa.hr\/?page_id=360"},"modified":"2020-03-22T13:30:48","modified_gmt":"2020-03-22T11:30:48","slug":"kontakt","status":"publish","type":"page","link":"http:\/\/www.inovagrupa.hr\/?page_id=360","title":{"rendered":"Kontakt"},"content":{"rendered":"\n<div style=\"height:50px\" aria-hidden=\"true\" class=\"wp-block-spacer\"><\/div>\n\n\n\n<div class=\"wp-block-image\"><figure class=\"aligncenter is-resized\"><img loading=\"lazy\" src=\"http:\/\/www.inovagrupa.hr\/wp-content\/uploads\/2019\/03\/icon_contact_form.gif\" alt=\"Ikona Kontakt obrazac\" class=\"wp-image-383\" width=\"95\" height=\"95\"\/><\/figure><\/div>\n\n\n\n<div style=\"height:50px\" aria-hidden=\"true\" class=\"wp-block-spacer\"><\/div>\n\n\n\n<p>Va\u0161e mi\u0161ljenje nam je va\u017eno. Imate li kakav prijedlog, pohvalu ili prigovor molimo ispunite i po\u0161aljite kontakt obrazac na ovoj stranici. Odgovorit \u0107emo Vam u najkra\u0107em mogu\u0107em roku.<\/p>\n\n\n\n<p class=\"has-small-font-size\">* polja ozna\u010dena zvjezdicom su obvezna za unos<\/p>\n\n\n<div role=\"form\" class=\"wpcf7\" id=\"wpcf7-f358-o1\" lang=\"hr\" dir=\"ltr\">\n<div class=\"screen-reader-response\"><p role=\"status\" aria-live=\"polite\" aria-atomic=\"true\"><\/p> <ul><\/ul><\/div>\n<form action=\"\/index.php?rest_route=%2Fwp%2Fv2%2Fpages%2F360#wpcf7-f358-o1\" method=\"post\" class=\"wpcf7-form init\" novalidate=\"novalidate\" data-status=\"init\">\n<div style=\"display: none;\">\n<input type=\"hidden\" name=\"_wpcf7\" value=\"358\" \/>\n<input type=\"hidden\" name=\"_wpcf7_version\" value=\"5.3\" \/>\n<input type=\"hidden\" name=\"_wpcf7_locale\" value=\"hr\" \/>\n<input type=\"hidden\" name=\"_wpcf7_unit_tag\" value=\"wpcf7-f358-o1\" \/>\n<input type=\"hidden\" name=\"_wpcf7_container_post\" value=\"0\" \/>\n<input type=\"hidden\" name=\"_wpcf7_posted_data_hash\" value=\"\" \/>\n<input type=\"hidden\" name=\"_wpcf7_recaptcha_response\" value=\"\" \/>\n<\/div>\n<p><label>* Ime i prezime: <span class=\"wpcf7-form-control-wrap ime-prezime\"><input type=\"text\" name=\"ime-prezime\" value=\"\" size=\"40\" class=\"wpcf7-form-control wpcf7-text wpcf7-validates-as-required\" aria-required=\"true\" aria-invalid=\"false\" \/><\/span><\/label><br \/>\n<label>Kontakt broj: <span class=\"wpcf7-form-control-wrap mobitel-telefon\"><input type=\"tel\" name=\"mobitel-telefon\" value=\"\" size=\"40\" class=\"wpcf7-form-control wpcf7-text wpcf7-tel wpcf7-validates-as-tel\" aria-invalid=\"false\" placeholder=\"mobitel ili telefon\" \/><\/span><\/label><br \/>\n<label>* E-mail adresa: <span class=\"wpcf7-form-control-wrap e-mail\"><input type=\"email\" name=\"e-mail\" value=\"\" size=\"40\" class=\"wpcf7-form-control wpcf7-text wpcf7-email wpcf7-validates-as-required wpcf7-validates-as-email\" aria-required=\"true\" aria-invalid=\"false\" \/><\/span><\/label><br \/>\n<label>Naslov poruke: <span class=\"wpcf7-form-control-wrap naslov-poruke\"><input type=\"text\" name=\"naslov-poruke\" value=\"\" size=\"40\" class=\"wpcf7-form-control wpcf7-text\" aria-invalid=\"false\" \/><\/span><\/label><br \/>\n<label>* Tekst poruke: <span class=\"wpcf7-form-control-wrap poruka\"><textarea name=\"poruka\" cols=\"40\" rows=\"6\" class=\"wpcf7-form-control wpcf7-textarea wpcf7-validates-as-required\" aria-required=\"true\" aria-invalid=\"false\"><\/textarea><\/span><\/label><br><br \/>\n<input type=\"submit\" value=\"Po\u0161alji\" class=\"wpcf7-form-control wpcf7-submit\" \/><\/p>\n<p style=\"display: none !important;\"><label>&#916;<textarea name=\"_wpcf7_ak_hp_textarea\" cols=\"45\" rows=\"8\" maxlength=\"100\"><\/textarea><\/label><input type=\"hidden\" id=\"ak_js_1\" name=\"_wpcf7_ak_js\" value=\"53\"\/><script>document.getElementById( \"ak_js_1\" ).setAttribute( \"value\", ( new Date() ).getTime() );<\/script><\/p><div class=\"wpcf7-response-output\" aria-hidden=\"true\"><\/div><\/form><\/div>\n\n\n\n<p style=\"background-color:#f2f2f2\" class=\"has-background has-small-font-size\"><em>S ciljem za\u0161tite privatnosti uz sve upisane podatke primjenjuje se Uredba (EU) 2016\/679 Europskog parlamenta i Vije\u0107a od 27. travnja 2016. godine o za\u0161titi pojedinaca u vezi s obradom osobnih podataka.<\/em><\/p>\n\n\n\n<div style=\"height:50px\" aria-hidden=\"true\" class=\"wp-block-spacer\"><\/div>\n","protected":false},"excerpt":{"rendered":"<p>Va\u0161e mi\u0161ljenje nam je va\u017eno. Imate li kakav prijedlog, pohvalu ili prigovor molimo ispunite i po\u0161aljite kontakt obrazac na ovoj stranici. Odgovorit \u0107emo Vam u najkra\u0107em mogu\u0107em roku. * polja ozna\u010dena zvjezdicom su obvezna za unos<\/p>\n","protected":false},"author":1,"featured_media":0,"parent":0,"menu_order":0,"comment_status":"closed","ping_status":"closed","template":"","meta":{"spay_email":""},"_links":{"self":[{"href":"http:\/\/www.inovagrupa.hr\/index.php?rest_route=\/wp\/v2\/pages\/360"}],"collection":[{"href":"http:\/\/www.inovagrupa.hr\/index.php?rest_route=\/wp\/v2\/pages"}],"about":[{"href":"http:\/\/www.inovagrupa.hr\/index.php?rest_route=\/wp\/v2\/types\/page"}],"author":[{"embeddable":true,"href":"http:\/\/www.inovagrupa.hr\/index.php?rest_route=\/wp\/v2\/users\/1"}],"replies":[{"embeddable":true,"href":"http:\/\/www.inovagrupa.hr\/index.php?rest_route=%2Fwp%2Fv2%2Fcomments&post=360"}],"version-history":[{"count":18,"href":"http:\/\/www.inovagrupa.hr\/index.php?rest_route=\/wp\/v2\/pages\/360\/revisions"}],"predecessor-version":[{"id":1400,"href":"http:\/\/www.inovagrupa.hr\/index.php?rest_route=\/wp\/v2\/pages\/360\/revisions\/1400"}],"wp:attachment":[{"href":"http:\/\/www.inovagrupa.hr\/index.php?rest_route=%2Fwp%2Fv2%2Fmedia&parent=360"}],"curies":[{"name":"wp","href":"https:\/\/api.w.org\/{rel}","templated":true}]}}