{"id":269,"date":"2019-03-19T10:47:28","date_gmt":"2019-03-19T08:47:28","guid":{"rendered":"http:\/\/www.inovagrupa.hr\/?page_id=269"},"modified":"2022-10-23T17:15:10","modified_gmt":"2022-10-23T15:15:10","slug":"naslovnica","status":"publish","type":"page","link":"http:\/\/www.inovagrupa.hr\/","title":{"rendered":"O nama"},"content":{"rendered":"\n<div style=\"height:50px\" aria-hidden=\"true\" class=\"wp-block-spacer\"><\/div>\n\n\n\n<figure class=\"wp-block-image alignfull\"><img loading=\"lazy\" width=\"1024\" height=\"649\" src=\"http:\/\/www.inovagrupa.hr\/wp-content\/uploads\/2019\/04\/background.home_-1024x649.jpg\" alt=\"\" class=\"wp-image-803\" srcset=\"http:\/\/www.inovagrupa.hr\/wp-content\/uploads\/2019\/04\/background.home_-1024x649.jpg 1024w, http:\/\/www.inovagrupa.hr\/wp-content\/uploads\/2019\/04\/background.home_-800x507.jpg 800w, http:\/\/www.inovagrupa.hr\/wp-content\/uploads\/2019\/04\/background.home_-300x190.jpg 300w, http:\/\/www.inovagrupa.hr\/wp-content\/uploads\/2019\/04\/background.home_-768x486.jpg 768w, http:\/\/www.inovagrupa.hr\/wp-content\/uploads\/2019\/04\/background.home_-500x317.jpg 500w, http:\/\/www.inovagrupa.hr\/wp-content\/uploads\/2019\/04\/background.home_-1280x811.jpg 1280w, http:\/\/www.inovagrupa.hr\/wp-content\/uploads\/2019\/04\/background.home_.jpg 1680w\" sizes=\"(max-width: 1024px) 100vw, 1024px\" \/><\/figure>\n\n\n\n<div style=\"height:50px\" aria-hidden=\"true\" class=\"wp-block-spacer\"><\/div>\n\n\n\n<h2>O nama<\/h2>\n\n\n\n<p>Tvrtka iNOVA Grupa, uz tvrtku Gam Academy u Sloveniji, u vlasni\u0161tvu su obitelji Do\u0161en. U iNOVA Grupi s poslovanjem smo zapo\u010deli pravno 1.7.2014. godine. Sa stvarnim radom zapo\u010deli smo 22.8.2014. godine, simboli\u010dno, s prvim danom me\u0111unarodno poznatog vara\u017edinskog \u0160pancirfesta.<\/p>\n\n\n\n<p>Vizija na\u0161eg poslovanja je pru\u017eiti punu podr\u0161ku u razvoju mikro i malog poduzetni\u0161tva i obrta.<\/p>\n\n\n\n<div style=\"height:50px\" aria-hidden=\"true\" class=\"wp-block-spacer\"><\/div>\n\n\n\n<h2>Zahvala<\/h2>\n\n\n\n<blockquote class=\"wp-block-quote is-style-default\"><p>&#8216;Bez podr\u0161ke i pomo\u0107i svih ovih divnih ljudi, od najmla\u0111eg do najstarijeg \u010dlana obitelji Do\u0161en, iNOVA Grupa ne bi bila tu gdje je sada. Hvala vam!&#8217;<\/p><cite>Ivona, Emanuel, Erik, Marina, Miroslav, Biserka, Mijo, \u017deljana, Robin<\/cite><\/blockquote>\n\n\n\n<blockquote class=\"wp-block-quote is-style-default\"><p>&#8216;Hvala i biv\u0161em poslodavcu ATLANTIC Trade-u bez \u010dijeg radnog iskustva i ste\u010denih znanja i vje\u0161tina, u protekla gotova dva desetlje\u0107a, ne bih znao to \u0161to danas znam.&#8217;<\/p><p>&#8216;Hvala i banci Erste &amp; Steierm\u00e4rkische Bank koja je vjerovala u mene i moj poslovni plan i koja mi je financijski omogu\u0107ila da pokrenem poslovanje.&#8217;<\/p><cite>Marin Do\u0161en<br>vlasnik iNOVA Grupe<\/cite><\/blockquote>\n\n\n\n<div style=\"height:50px\" aria-hidden=\"true\" class=\"wp-block-spacer\"><\/div>\n\n\n\n<h2>Sjedi\u0161te tvrtke<\/h2>\n\n\n\n<p>iNOVA Grupa<br>obrt za uslu\u017ene djelatnosti<br>HR &#8211; 42000 VARA\u017dDIN<br>Jalkove\u010dka 10b<br>P.P. 82<\/p>\n\n\n\n<p>MBO: 97528145<br>OIB: 30560755608<\/p>\n\n\n\n<p>Telefon: +385 (0)95 111 1515<br>Web: <a href=\"http:\/\/www.inovagrupa.hr\">www.inovagrupa.hr<\/a><br>E-mail: <a href=\"mailto:info@inovagrupa.hr\">info@inovagrupa.hr<\/a><\/p>\n\n\n\n<figure class=\"wp-block-image\"><a href=\"https:\/\/www.erstebank.hr\/hr\/gradjanstvo\" target=\"_blank\" rel=\"noreferrer noopener\"><img loading=\"lazy\" width=\"133\" height=\"55\" src=\"http:\/\/www.inovagrupa.hr\/wp-content\/uploads\/2019\/03\/logo.Erste_.Bank_.png\" alt=\"Logo Erste &amp; Steierm\u00e4rkische Bank d.d.\" class=\"wp-image-319\"\/><\/a><\/figure>\n\n\n\n<p>Poslovna banka:<br>Erste &amp; Steierm\u00e4rkische Bank d.d., Rijeka, Jadranski trg 3a<br>\u017diro-ra\u010dun: 2402006-1140247683<br>IBAN: HR4624020061140247683<br>SWIFT\/BIC: ESBCHR22<\/p>\n\n\n\n<p class=\"has-background\" style=\"background-color:#bce5fb\"><a href=\"https:\/\/www.erstebank.hr\/hr\/vjerujusebe\" target=\"_blank\" rel=\"noreferrer noopener\" aria-label=\"Na\u0161a zemlja treba ljude koji vjeruju u sebe. I banku koja vjeruje u njih. #vjerujusebe (otvara se u novoj kartici)\">Na\u0161a zemlja treba ljude koji vjeruju u sebe.<br>I banku koja vjeruje u njih.<br>#vjerujusebe<\/a><\/p>\n\n\n\n<p>Tvrtka iNOVA Grupa je kao obrt upisana u Obrtni registar u Vara\u017edinu pod registracijskim brojem 5075.<\/p>\n","protected":false},"excerpt":{"rendered":"<p>O nama Tvrtka iNOVA Grupa, uz tvrtku Gam Academy u Sloveniji, u vlasni\u0161tvu su obitelji Do\u0161en. U iNOVA Grupi s poslovanjem smo zapo\u010deli pravno 1.7.2014. godine. Sa stvarnim radom zapo\u010deli smo 22.8.2014. godine, simboli\u010dno, s prvim danom me\u0111unarodno poznatog vara\u017edinskog \u0160pancirfesta. Vizija na\u0161eg poslovanja je pru\u017eiti punu podr\u0161ku u razvoju mikro i malog poduzetni\u0161tva i [&hellip;]<\/p>\n","protected":false},"author":1,"featured_media":0,"parent":0,"menu_order":0,"comment_status":"closed","ping_status":"closed","template":"","meta":{"spay_email":""},"_links":{"self":[{"href":"http:\/\/www.inovagrupa.hr\/index.php?rest_route=\/wp\/v2\/pages\/269"}],"collection":[{"href":"http:\/\/www.inovagrupa.hr\/index.php?rest_route=\/wp\/v2\/pages"}],"about":[{"href":"http:\/\/www.inovagrupa.hr\/index.php?rest_route=\/wp\/v2\/types\/page"}],"author":[{"embeddable":true,"href":"http:\/\/www.inovagrupa.hr\/index.php?rest_route=\/wp\/v2\/users\/1"}],"replies":[{"embeddable":true,"href":"http:\/\/www.inovagrupa.hr\/index.php?rest_route=%2Fwp%2Fv2%2Fcomments&post=269"}],"version-history":[{"count":118,"href":"http:\/\/www.inovagrupa.hr\/index.php?rest_route=\/wp\/v2\/pages\/269\/revisions"}],"predecessor-version":[{"id":1755,"href":"http:\/\/www.inovagrupa.hr\/index.php?rest_route=\/wp\/v2\/pages\/269\/revisions\/1755"}],"wp:attachment":[{"href":"http:\/\/www.inovagrupa.hr\/index.php?rest_route=%2Fwp%2Fv2%2Fmedia&parent=269"}],"curies":[{"name":"wp","href":"https:\/\/api.w.org\/{rel}","templated":true}]}}