{"id":1470,"date":"2020-11-15T15:35:36","date_gmt":"2020-11-15T13:35:36","guid":{"rendered":"http:\/\/www.inovagrupa.hr\/?page_id=1470"},"modified":"2021-05-26T09:08:58","modified_gmt":"2021-05-26T07:08:58","slug":"pisani-prigovor","status":"publish","type":"page","link":"http:\/\/www.inovagrupa.hr\/?page_id=1470","title":{"rendered":"Pisani prigovor"},"content":{"rendered":"\n<h2 class=\"has-text-align-center\">OBAVIJEST O NA\u010cINU PODNO\u0160ENJA PISANIH PRIGOVORA<\/h2>\n\n\n\n<p>Na temelju \u010dlanka 10. <em>Zakona o za\u0161titi potro\u0161a\u010da<\/em> (NN 41\/14, 110\/15, 14\/19) potro\u0161a\u010du se omogu\u0107uje podno\u0161enje pisanog prigovora u sjedi\u0161tu tvrtke iNOVA Grupa na adresi VARA\u017dDIN, Jalkove\u010dka 10b te:<\/p>\n\n\n\n<p>&#8211; po\u0161tom na adresu:<\/p>\n\n\n\n<p><strong>iNOVA Grupa, vl. Marin Do\u0161en<\/strong><br><strong> HR &#8211; 42000 VARA\u017dDIN<\/strong><br> <strong>P.P. 82<\/strong><\/p>\n\n\n\n<p>ili<\/p>\n\n\n\n<p>&#8211; elektronski na mail adresu:<\/p>\n\n\n\n<p><a href=\"mailto:prigovor@inovagrupa.hr\"><strong>prigovor@inovagrupa.hr<\/strong><\/a><\/p>\n\n\n\n<p>iNOVA Grupa obvezuje se u pisanom obliku potvrditi primitak prigovora te odgovoriti na prigovor u roku od 15 dana od dana zaprimljenog prigovora.<\/p>\n\n\n\n<p>U Vara\u017edinu, 16.11.2020. godine<\/p>\n\n\n\n<h2><\/h2>\n","protected":false},"excerpt":{"rendered":"<p>OBAVIJEST O NA\u010cINU PODNO\u0160ENJA PISANIH PRIGOVORA Na temelju \u010dlanka 10. Zakona o za\u0161titi potro\u0161a\u010da (NN 41\/14, 110\/15, 14\/19) potro\u0161a\u010du se omogu\u0107uje podno\u0161enje pisanog prigovora u sjedi\u0161tu tvrtke iNOVA Grupa na adresi VARA\u017dDIN, Jalkove\u010dka 10b te: &#8211; po\u0161tom na adresu: iNOVA Grupa, vl. Marin Do\u0161en HR &#8211; 42000 VARA\u017dDIN P.P. 82 ili &#8211; elektronski na mail [&hellip;]<\/p>\n","protected":false},"author":1,"featured_media":0,"parent":0,"menu_order":0,"comment_status":"closed","ping_status":"closed","template":"","meta":{"spay_email":""},"_links":{"self":[{"href":"http:\/\/www.inovagrupa.hr\/index.php?rest_route=\/wp\/v2\/pages\/1470"}],"collection":[{"href":"http:\/\/www.inovagrupa.hr\/index.php?rest_route=\/wp\/v2\/pages"}],"about":[{"href":"http:\/\/www.inovagrupa.hr\/index.php?rest_route=\/wp\/v2\/types\/page"}],"author":[{"embeddable":true,"href":"http:\/\/www.inovagrupa.hr\/index.php?rest_route=\/wp\/v2\/users\/1"}],"replies":[{"embeddable":true,"href":"http:\/\/www.inovagrupa.hr\/index.php?rest_route=%2Fwp%2Fv2%2Fcomments&post=1470"}],"version-history":[{"count":8,"href":"http:\/\/www.inovagrupa.hr\/index.php?rest_route=\/wp\/v2\/pages\/1470\/revisions"}],"predecessor-version":[{"id":1526,"href":"http:\/\/www.inovagrupa.hr\/index.php?rest_route=\/wp\/v2\/pages\/1470\/revisions\/1526"}],"wp:attachment":[{"href":"http:\/\/www.inovagrupa.hr\/index.php?rest_route=%2Fwp%2Fv2%2Fmedia&parent=1470"}],"curies":[{"name":"wp","href":"https:\/\/api.w.org\/{rel}","templated":true}]}}